{"id":1709,"date":"2024-11-26T13:43:57","date_gmt":"2024-11-26T12:43:57","guid":{"rendered":"https:\/\/dr.katja-reimers.de\/WP\/?page_id=1709"},"modified":"2025-02-04T11:28:39","modified_gmt":"2025-02-04T10:28:39","slug":"karriere","status":"publish","type":"page","link":"https:\/\/dr.katja-reimers.de\/WP\/karriere\/","title":{"rendered":"Karriere"},"content":{"rendered":"\t\t<div data-elementor-type=\"wp-page\" data-elementor-id=\"1709\" class=\"elementor elementor-1709\" data-elementor-post-type=\"page\">\n\t\t\t\t<div class=\"elementor-element elementor-element-7625b595 e-con-full e-flex e-con e-parent\" data-id=\"7625b595\" data-element_type=\"container\" data-settings=\"{&quot;background_background&quot;:&quot;classic&quot;}\">\n\t\t\t\t<\/div>\n\t\t<div class=\"elementor-element elementor-element-78f6a993 animated-slow e-flex e-con-boxed elementor-invisible e-con e-parent\" data-id=\"78f6a993\" data-element_type=\"container\" id=\"Intraoralscanner\" data-settings=\"{&quot;background_background&quot;:&quot;classic&quot;,&quot;animation&quot;:&quot;fadeIn&quot;}\">\n\t\t\t\t\t<div class=\"e-con-inner\">\n\t\t<div class=\"elementor-element elementor-element-32ff95a4 e-con-full animated-slow e-flex elementor-invisible e-con e-child\" data-id=\"32ff95a4\" data-element_type=\"container\" data-settings=\"{&quot;background_background&quot;:&quot;classic&quot;,&quot;motion_fx_motion_fx_scrolling&quot;:&quot;yes&quot;,&quot;motion_fx_translateY_effect&quot;:&quot;yes&quot;,&quot;motion_fx_translateY_speed&quot;:{&quot;unit&quot;:&quot;px&quot;,&quot;size&quot;:1,&quot;sizes&quot;:[]},&quot;animation&quot;:&quot;fadeIn&quot;,&quot;motion_fx_translateY_affectedRange&quot;:{&quot;unit&quot;:&quot;%&quot;,&quot;size&quot;:&quot;&quot;,&quot;sizes&quot;:{&quot;start&quot;:50,&quot;end&quot;:100}},&quot;motion_fx_range&quot;:&quot;viewport&quot;,&quot;motion_fx_translateY_direction&quot;:&quot;negative&quot;,&quot;motion_fx_devices&quot;:[&quot;desktop&quot;,&quot;tablet_extra&quot;,&quot;tablet&quot;,&quot;mobile&quot;]}\">\n\t\t<div class=\"elementor-element elementor-element-78e17ae0 e-con-full e-flex e-con e-child\" data-id=\"78e17ae0\" data-element_type=\"container\" data-settings=\"{&quot;background_background&quot;:&quot;classic&quot;}\">\n\t\t\t\t<\/div>\n\t\t<div class=\"elementor-element elementor-element-764a42a5 e-con-full e-flex e-con e-child\" data-id=\"764a42a5\" data-element_type=\"container\">\n\t\t<div class=\"elementor-element elementor-element-6531071a e-con-full e-flex e-con e-child\" data-id=\"6531071a\" data-element_type=\"container\">\n\t\t\t\t<div class=\"elementor-element elementor-element-4ace90b3 elementor-widget elementor-widget-heading\" data-id=\"4ace90b3\" data-element_type=\"widget\" data-widget_type=\"heading.default\">\n\t\t\t\t<div class=\"elementor-widget-container\">\n\t\t\t\t\t<h2 class=\"elementor-heading-title elementor-size-default\">Karriere\n<\/h2>\t\t\t\t<\/div>\n\t\t\t\t<\/div>\n\t\t\t\t<div class=\"elementor-element elementor-element-26c244bc elementor-widget elementor-widget-heading\" data-id=\"26c244bc\" data-element_type=\"widget\" data-widget_type=\"heading.default\">\n\t\t\t\t<div class=\"elementor-widget-container\">\n\t\t\t\t\t<h2 class=\"elementor-heading-title elementor-size-default\">Mitarbeiter mit Herz und Humor gesucht\n<\/h2>\t\t\t\t<\/div>\n\t\t\t\t<\/div>\n\t\t\t\t<div class=\"elementor-element elementor-element-1ab5d8cc elementor-widget elementor-widget-text-editor\" data-id=\"1ab5d8cc\" data-element_type=\"widget\" data-widget_type=\"text-editor.default\">\n\t\t\t\t<div class=\"elementor-widget-container\">\n\t\t\t\t\t\t\t\t\t<p>Ebenso wichtig wie das L\u00e4cheln unserer Patient:innen ist uns das Lachen in unserer Praxis. Den Spa\u00df und die Freude, die wir an der Zahnmedizin haben, merkt man unseren Mitarbeitern an \u2013 und h\u00e4ufig auch unseren Patient:innen.<br \/>Wenn Sie eine harmonische Arbeitsatmosph\u00e4re sch\u00e4tzen und einen Arbeitsplatz in einer modernen Praxis Seite an Seite mit hochmotivierten, sympathischen und humorvollen Mitarbeitern suchen, freuen wir uns auf Ihre Bewerbung, gerne per <a href=\"mailto:praxis@dr.katja-reimers.de\">E-Mail an praxis@dr.katja-reimers.de<\/a>.<\/p>\t\t\t\t\t\t\t\t<\/div>\n\t\t\t\t<\/div>\n\t\t\t\t<\/div>\n\t\t<div class=\"elementor-element elementor-element-49f8dee e-con-full animated-slow e-flex elementor-invisible e-con e-child\" data-id=\"49f8dee\" data-element_type=\"container\" data-settings=\"{&quot;background_background&quot;:&quot;classic&quot;,&quot;animation&quot;:&quot;fadeIn&quot;,&quot;animation_delay&quot;:900}\">\n\t\t\t\t<div class=\"elementor-element elementor-element-bb93458 elementor-invisible elementor-widget elementor-widget-text-editor\" data-id=\"bb93458\" data-element_type=\"widget\" data-settings=\"{&quot;_animation&quot;:&quot;zoomIn&quot;}\" data-widget_type=\"text-editor.default\">\n\t\t\t\t<div class=\"elementor-widget-container\">\n\t\t\t\t\t\t\t\t\t<p><strong>Wir suchen:<\/strong><\/p><ul><li><strong>ZFA<\/strong><\/li><li><strong>ZMP<\/strong><\/li><\/ul>\t\t\t\t\t\t\t\t<\/div>\n\t\t\t\t<\/div>\n\t\t\t\t<\/div>\n\t\t\t\t<\/div>\n\t\t<div class=\"elementor-element elementor-element-304088a e-con-full e-flex e-con e-child\" data-id=\"304088a\" data-element_type=\"container\">\n\t\t<div class=\"elementor-element elementor-element-8850d69 e-con-full animated-fast e-flex elementor-invisible e-con e-child\" data-id=\"8850d69\" data-element_type=\"container\" data-settings=\"{&quot;background_background&quot;:&quot;classic&quot;,&quot;animation&quot;:&quot;fadeInUp&quot;,&quot;animation_delay&quot;:900}\">\n\t\t\t\t<div class=\"elementor-element elementor-element-f1ebdc1 elementor-widget elementor-widget-text-editor\" data-id=\"f1ebdc1\" data-element_type=\"widget\" data-widget_type=\"text-editor.default\">\n\t\t\t\t<div class=\"elementor-widget-container\">\n\t\t\t\t\t\t\t\t\t<p><strong>Wir bieten<\/strong><\/p><ul><li>Betriebliche Krankenzusatzversicherung<\/li><li>Fahrtkostenzusch\u00fcsse (PKW, \u00d6ffis, Dienstrad)<\/li><li>6 Wochen Urlaub im Jahr<\/li><li>eine qualit\u00e4tsorientierte Praxis mit moderner Ausstattung<\/li><li>interessante Fort- und Weiterbildungsm\u00f6glichkeiten<\/li><li>Teamevents und \u2013schulungen<\/li><\/ul>\t\t\t\t\t\t\t\t<\/div>\n\t\t\t\t<\/div>\n\t\t\t\t<\/div>\n\t\t<div class=\"elementor-element elementor-element-bb080aa e-con-full animated-fast e-flex elementor-invisible e-con e-child\" data-id=\"bb080aa\" data-element_type=\"container\" data-settings=\"{&quot;background_background&quot;:&quot;classic&quot;,&quot;animation&quot;:&quot;fadeInUp&quot;,&quot;animation_delay&quot;:900}\">\n\t\t\t\t<div class=\"elementor-element elementor-element-483ef83 elementor-widget elementor-widget-text-editor\" data-id=\"483ef83\" data-element_type=\"widget\" data-widget_type=\"text-editor.default\">\n\t\t\t\t<div class=\"elementor-widget-container\">\n\t\t\t\t\t\t\t\t\t<p><strong>Sie bieten<\/strong><\/p><ul><li>Kompetenz, Motivation, Zuverl\u00e4ssigkeit und Flexibilit\u00e4t<\/li><li>Teamf\u00e4higkeit und Spa\u00df am Umgang mit Menschen<\/li><li>eine freundliche Art und eine sympathische Ausstrahlung<\/li><li>ein herzliches Lachen<\/li><\/ul>\t\t\t\t\t\t\t\t<\/div>\n\t\t\t\t<\/div>\n\t\t\t\t<\/div>\n\t\t\t\t<\/div>\n\t\t\t\t<\/div>\n\t\t\t\t\t<\/div>\n\t\t\t\t<\/div>\n\t\t\t\t<\/div>\n\t\t","protected":false},"excerpt":{"rendered":"<p>Karriere Mitarbeiter mit Herz und Humor gesucht Ebenso wichtig wie das L\u00e4cheln unserer Patient:innen ist uns das Lachen in unserer Praxis. Den Spa\u00df und die Freude, die wir an der Zahnmedizin haben, merkt man unseren Mitarbeitern an \u2013 und h\u00e4ufig auch unseren Patient:innen.Wenn Sie eine harmonische Arbeitsatmosph\u00e4re sch\u00e4tzen und einen Arbeitsplatz in einer modernen Praxis [&hellip;]<\/p>\n","protected":false},"author":1,"featured_media":0,"parent":0,"menu_order":5,"comment_status":"closed","ping_status":"closed","template":"","meta":{"footnotes":""},"class_list":["post-1709","page","type-page","status-publish","hentry"],"_links":{"self":[{"href":"https:\/\/dr.katja-reimers.de\/WP\/wp-json\/wp\/v2\/pages\/1709","targetHints":{"allow":["GET"]}}],"collection":[{"href":"https:\/\/dr.katja-reimers.de\/WP\/wp-json\/wp\/v2\/pages"}],"about":[{"href":"https:\/\/dr.katja-reimers.de\/WP\/wp-json\/wp\/v2\/types\/page"}],"author":[{"embeddable":true,"href":"https:\/\/dr.katja-reimers.de\/WP\/wp-json\/wp\/v2\/users\/1"}],"replies":[{"embeddable":true,"href":"https:\/\/dr.katja-reimers.de\/WP\/wp-json\/wp\/v2\/comments?post=1709"}],"version-history":[{"count":31,"href":"https:\/\/dr.katja-reimers.de\/WP\/wp-json\/wp\/v2\/pages\/1709\/revisions"}],"predecessor-version":[{"id":3209,"href":"https:\/\/dr.katja-reimers.de\/WP\/wp-json\/wp\/v2\/pages\/1709\/revisions\/3209"}],"wp:attachment":[{"href":"https:\/\/dr.katja-reimers.de\/WP\/wp-json\/wp\/v2\/media?parent=1709"}],"curies":[{"name":"wp","href":"https:\/\/api.w.org\/{rel}","templated":true}]}}