{"id":2525,"date":"2024-11-28T22:14:38","date_gmt":"2024-11-28T21:14:38","guid":{"rendered":"https:\/\/dr.katja-reimers.de\/WP\/?page_id=2525"},"modified":"2025-01-25T13:44:20","modified_gmt":"2025-01-25T12:44:20","slug":"kinderzahnmedizin","status":"publish","type":"page","link":"https:\/\/dr.katja-reimers.de\/WP\/leistungen\/kinderzahnmedizin\/","title":{"rendered":"Kinderzahnmedizin"},"content":{"rendered":"\t\t<div data-elementor-type=\"wp-page\" data-elementor-id=\"2525\" class=\"elementor elementor-2525\" data-elementor-post-type=\"page\">\n\t\t\t\t<div class=\"elementor-element elementor-element-1c45a1fa e-con-full e-flex e-con e-parent\" data-id=\"1c45a1fa\" data-element_type=\"container\" data-settings=\"{&quot;background_background&quot;:&quot;classic&quot;}\">\n\t\t\t\t<div class=\"elementor-element elementor-element-4f8dc237 elementor-widget elementor-widget-heading\" data-id=\"4f8dc237\" data-element_type=\"widget\" data-widget_type=\"heading.default\">\n\t\t\t\t<div class=\"elementor-widget-container\">\n\t\t\t\t\t<h1 class=\"elementor-heading-title elementor-size-default\">Kinder&shy;zahnmedizin<\/h1>\t\t\t\t<\/div>\n\t\t\t\t<\/div>\n\t\t\t\t<\/div>\n\t\t<div class=\"elementor-element elementor-element-e8ec9f5 animated-slow e-flex e-con-boxed elementor-invisible e-con e-parent\" data-id=\"e8ec9f5\" data-element_type=\"container\" id=\"Intraoralscanner\" data-settings=\"{&quot;background_background&quot;:&quot;classic&quot;,&quot;animation&quot;:&quot;fadeIn&quot;}\">\n\t\t\t\t\t<div class=\"e-con-inner\">\n\t\t<div class=\"elementor-element elementor-element-70a75f43 e-con-full animated-slow e-flex elementor-invisible e-con e-child\" data-id=\"70a75f43\" data-element_type=\"container\" data-settings=\"{&quot;background_background&quot;:&quot;classic&quot;,&quot;motion_fx_motion_fx_scrolling&quot;:&quot;yes&quot;,&quot;motion_fx_translateY_effect&quot;:&quot;yes&quot;,&quot;motion_fx_translateY_speed&quot;:{&quot;unit&quot;:&quot;px&quot;,&quot;size&quot;:1,&quot;sizes&quot;:[]},&quot;animation&quot;:&quot;fadeIn&quot;,&quot;motion_fx_translateY_affectedRange&quot;:{&quot;unit&quot;:&quot;%&quot;,&quot;size&quot;:&quot;&quot;,&quot;sizes&quot;:{&quot;start&quot;:50,&quot;end&quot;:100}},&quot;motion_fx_range&quot;:&quot;viewport&quot;,&quot;motion_fx_translateY_direction&quot;:&quot;negative&quot;,&quot;motion_fx_devices&quot;:[&quot;desktop&quot;,&quot;tablet_extra&quot;,&quot;tablet&quot;,&quot;mobile&quot;]}\">\n\t\t<div class=\"elementor-element elementor-element-a9196e5 e-con-full e-flex e-con e-child\" data-id=\"a9196e5\" data-element_type=\"container\" data-settings=\"{&quot;background_background&quot;:&quot;classic&quot;}\">\n\t\t\t\t<\/div>\n\t\t<div class=\"elementor-element elementor-element-199213b e-con-full e-flex e-con e-child\" data-id=\"199213b\" data-element_type=\"container\">\n\t\t<div class=\"elementor-element elementor-element-25dfbb96 e-con-full e-flex e-con e-child\" data-id=\"25dfbb96\" data-element_type=\"container\">\n\t\t\t\t<div class=\"elementor-element elementor-element-35e1ea0c elementor-widget elementor-widget-heading\" data-id=\"35e1ea0c\" data-element_type=\"widget\" data-widget_type=\"heading.default\">\n\t\t\t\t<div class=\"elementor-widget-container\">\n\t\t\t\t\t<h2 class=\"elementor-heading-title elementor-size-default\">Kinderzahnmedizin\n<\/h2>\t\t\t\t<\/div>\n\t\t\t\t<\/div>\n\t\t\t\t<div class=\"elementor-element elementor-element-6a310aed elementor-widget elementor-widget-heading\" data-id=\"6a310aed\" data-element_type=\"widget\" data-widget_type=\"heading.default\">\n\t\t\t\t<div class=\"elementor-widget-container\">\n\t\t\t\t\t<h2 class=\"elementor-heading-title elementor-size-default\">Weil kleine Z\u00e4hne gro\u00dfe Bedeutung haben<\/h2>\t\t\t\t<\/div>\n\t\t\t\t<\/div>\n\t\t\t\t<div class=\"elementor-element elementor-element-4f9ce095 elementor-widget elementor-widget-text-editor\" data-id=\"4f9ce095\" data-element_type=\"widget\" data-widget_type=\"text-editor.default\">\n\t\t\t\t<div class=\"elementor-widget-container\">\n\t\t\t\t\t\t\t\t\t<p>Wir wissen, dass der Besuch beim Zahnarzt oder der Zahn\u00e4rztin f\u00fcr Kinder eine neue und manchmal be\u00e4ngstigende Erfahrung sein kann. Deshalb haben wir es uns zur Aufgabe gemacht, eine einladende und kindgerechte Atmosph\u00e4re zu schaffen, in der sich unsere kleinen Patient:innen wohlf\u00fchlen und die Zahnarztpraxis als \u201eAbenteuer\u201c erleben d\u00fcrfen. Unsere Praxis bietet viele spannende Elemente: Ein Fahrstuhl, der hoch- und runter f\u00e4hrt, Wasser, das spritzt und Luft, die pustet, um die Neugier der Kinder zu wecken. Dar\u00fcber hinaus d\u00fcrfen unsere kleinen Patient:innen aktiv mithelfen, was ihnen das Gef\u00fchl gibt, Teil des Geschehens zu sein.<\/p><p>Besonders beliebt bei den Kindern sind unsere speziellen Helfer: Herr Winter, der freundliche Teddyb\u00e4r, der den Kindern zeigt, dass es nichts zu bef\u00fcrchten gibt;<br \/>Lotte, das Pferd mit Gebiss, an dem die Kinder spielerisch lernen k\u00f6nnen, wie<br \/>man Z\u00e4hne putzt und der Earl, ein beeindruckender Dinosaurier, der die kleinen Patient:innen auf eine Reise in die Vergangenheit mitnimmt und ihnen die<br \/>Wichtigkeit von Zahnpflege erkl\u00e4rt. Diese liebevollen Figuren helfen dabei, den Zahnarztbesuch zu einem positiven und unvergesslichen Erlebnis zu machen.<\/p>\t\t\t\t\t\t\t\t<\/div>\n\t\t\t\t<\/div>\n\t\t\t\t<div class=\"elementor-element elementor-element-119b058 elementor-widget elementor-widget-text-editor\" data-id=\"119b058\" data-element_type=\"widget\" data-widget_type=\"text-editor.default\">\n\t\t\t\t<div class=\"elementor-widget-container\">\n\t\t\t\t\t\t\t\t\t<p><strong>Warum Kinderzahnmedizin so wichtig ist?<\/strong><\/p><p>Obwohl unsere Milchz\u00e4hne nach ein paar Jahren wieder ausfallen, sind sie die Grundlage f\u00fcr lebenslange Zahngesundheit. Sie spielen eine entscheidende Rolle in der Sprachentwicklung, der Nahrungsaufnahme und sind wichtige Platzhalter f\u00fcr die kommenden, bleibenden Z\u00e4hne. Kein Wunder also, dass wir regelm\u00e4\u00dfige Zahnarztbesuche ab dem ersten Zahn dringend empfehlen, um vorzubeugen und um Karies fr\u00fchzeitig zu erkennen und Ihrem Kind die Chance geben, von Anfang an, die richtige Zahnpflege zu erlernen bzw. die beste Hilfe und Anleitung von ihren Eltern zu bekommen, da wir nicht t\u00e4glich zuhause vorbeikommen k\u00f6nnen.<\/p>\t\t\t\t\t\t\t\t<\/div>\n\t\t\t\t<\/div>\n\t\t\t\t<\/div>\n\t\t<div class=\"elementor-element elementor-element-ea64403 e-con-full e-flex e-con e-child\" data-id=\"ea64403\" data-element_type=\"container\">\n\t\t<div class=\"elementor-element elementor-element-f3c2c2f e-con-full animated-slow e-flex elementor-invisible e-con e-child\" data-id=\"f3c2c2f\" data-element_type=\"container\" data-settings=\"{&quot;background_background&quot;:&quot;classic&quot;,&quot;animation&quot;:&quot;fadeIn&quot;,&quot;animation_delay&quot;:900}\">\n\t\t\t\t<div class=\"elementor-element elementor-element-8fb84d0 elementor-widget elementor-widget-text-editor\" data-id=\"8fb84d0\" data-element_type=\"widget\" data-widget_type=\"text-editor.default\">\n\t\t\t\t<div class=\"elementor-widget-container\">\n\t\t\t\t\t\t\t\t\t<p><strong>Unsere Leistungen in der Kinderzahnmedizin<\/strong><\/p><ul><li><strong>Erstuntersuchung und Beratung<\/strong>: Bei der ersten Untersuchung erkl\u00e4ren wir kindgerecht die Bedeutung der Zahnpflege und f\u00fchren eine behutsame Kontrolle der Z\u00e4hne durch. Eltern erhalten wertvolle Tipps zur richtigen Zahnpflege zuhause.<\/li><li><strong>Zahnputzschule<\/strong>: In unserer Zahnputzschule lernen Kinder spielerisch die richtige Technik zur Zahnpflege. Mit lustigen \u00dcbungen und kindgerechten Erkl\u00e4rungen machen wir das Z\u00e4hneputzen zum Vergn\u00fcgen. Bitte bringen Sie zur Zahnputzschule eine eigene Zahnb\u00fcrste und Zahnseide mit!<\/li><li><strong>Prophylaxe<\/strong>: Regelm\u00e4\u00dfige Prophylaxetermine (&gt;&gt; Kinderprophylaxe) beugen Karies und Zahnfleischerkrankungen vor. Sie beinhalten die professionelle Zahnreinigung und die Versiegelung von Rillen, oder Gr\u00fcbchen in den Z\u00e4hnen (Fissuren)<\/li><li><strong>Kreidez\u00e4hne \/ MIH<\/strong> (Molaren-Incisiven-Hypomineralisaten)<\/li><li><strong>Fr\u00fchzeitiges Erkennen einer Zahn-\/Kieferfehlstellung<\/strong>, \u00dcberweisung zum Spezialisten oder Kieferorthop\u00e4den<\/li><li><strong>Behandlung von Karies<\/strong>: Ist Karies vorhanden, bieten wir schonende und schmerzfreie Behandlungsmethoden an. Viel Einf\u00fchlungsverm\u00f6gen und modernste Techniken machen Ihrem Kind die Behandlung so angenehm wie m\u00f6glich.<\/li><li><strong>Ern\u00e4hrungsberatung<\/strong>: Weil gesunde Ern\u00e4hrung f\u00fcr starke Z\u00e4hne essenziell ist, beraten wir Sie und Ihr Kind zu zahngesunden Lebensmitteln.<\/li><\/ul>\t\t\t\t\t\t\t\t<\/div>\n\t\t\t\t<\/div>\n\t\t\t\t<\/div>\n\t\t\t\t<div class=\"elementor-element elementor-element-dd2f2fe elementor-widget elementor-widget-text-editor\" data-id=\"dd2f2fe\" data-element_type=\"widget\" data-widget_type=\"text-editor.default\">\n\t\t\t\t<div class=\"elementor-widget-container\">\n\t\t\t\t\t\t\t\t\t<p>Wir lieben unsere kleinen Patient:innen genauso wie unsere Gro\u00dfen. Mit viel Einf\u00fchlungsverm\u00f6gen und Geduld sorgt unser Team daf\u00fcr, dass sich Ihr Kind bei uns gut aufgehoben f\u00fchlt \u2013 modernste Technik garantiert dabei eine schonende und effiziente Behandlung.<\/p><p>Herr Winter, Lotte und der Earl freuen sich mit dem ganzen Wohlf\u00fchlteam auf Ihren Besuch bei uns!<\/p>\t\t\t\t\t\t\t\t<\/div>\n\t\t\t\t<\/div>\n\t\t\t\t<\/div>\n\t\t\t\t<\/div>\n\t\t\t\t<\/div>\n\t\t\t\t\t<\/div>\n\t\t\t\t<\/div>\n\t\t<div class=\"elementor-element elementor-element-07ff02c e-con-full animated-slow e-flex elementor-invisible e-con e-parent\" data-id=\"07ff02c\" data-element_type=\"container\" data-settings=\"{&quot;background_background&quot;:&quot;classic&quot;,&quot;animation&quot;:&quot;fadeIn&quot;}\">\n\t\t\t\t<div class=\"elementor-element elementor-element-d38b14a elementor-widget elementor-widget-heading\" data-id=\"d38b14a\" data-element_type=\"widget\" data-widget_type=\"heading.default\">\n\t\t\t\t<div class=\"elementor-widget-container\">\n\t\t\t\t\t<h2 class=\"elementor-heading-title elementor-size-default\">Was unsere Patienten sagen<\/h2>\t\t\t\t<\/div>\n\t\t\t\t<\/div>\n\t\t<div class=\"elementor-element elementor-element-3153f87 animated-slow e-flex e-con-boxed elementor-invisible e-con e-child\" data-id=\"3153f87\" data-element_type=\"container\" data-settings=\"{&quot;background_background&quot;:&quot;classic&quot;,&quot;motion_fx_motion_fx_scrolling&quot;:&quot;yes&quot;,&quot;motion_fx_translateY_effect&quot;:&quot;yes&quot;,&quot;motion_fx_translateY_speed&quot;:{&quot;unit&quot;:&quot;px&quot;,&quot;size&quot;:1,&quot;sizes&quot;:[]},&quot;motion_fx_translateY_affectedRange&quot;:{&quot;unit&quot;:&quot;%&quot;,&quot;size&quot;:&quot;&quot;,&quot;sizes&quot;:{&quot;start&quot;:20,&quot;end&quot;:50}},&quot;motion_fx_range&quot;:&quot;viewport&quot;,&quot;animation&quot;:&quot;fadeIn&quot;,&quot;motion_fx_devices&quot;:[&quot;desktop&quot;,&quot;tablet_extra&quot;,&quot;tablet&quot;,&quot;mobile&quot;]}\">\n\t\t\t\t\t<div class=\"e-con-inner\">\n\t\t\t\t<div class=\"elementor-element elementor-element-aec9763 elementor-pagination-type-bullets elementor-pagination-position-outside elementor-widget elementor-widget-n-carousel\" data-id=\"aec9763\" data-element_type=\"widget\" data-settings=\"{&quot;carousel_items&quot;:[{&quot;slide_title&quot;:&quot;Slide #1&quot;,&quot;_id&quot;:&quot;07c0e82&quot;},{&quot;slide_title&quot;:&quot;Slide #2&quot;,&quot;_id&quot;:&quot;f86d596&quot;},{&quot;slide_title&quot;:&quot;Slide #3&quot;,&quot;_id&quot;:&quot;249e691&quot;}],&quot;slides_to_show&quot;:&quot;3&quot;,&quot;image_spacing_custom&quot;:{&quot;unit&quot;:&quot;px&quot;,&quot;size&quot;:12,&quot;sizes&quot;:[]},&quot;slides_to_show_tablet&quot;:&quot;3&quot;,&quot;slides_to_show_mobile&quot;:&quot;1&quot;,&quot;infinite&quot;:&quot;yes&quot;,&quot;speed&quot;:500,&quot;offset_sides&quot;:&quot;none&quot;,&quot;pagination&quot;:&quot;bullets&quot;,&quot;image_spacing_custom_tablet_extra&quot;:{&quot;unit&quot;:&quot;px&quot;,&quot;size&quot;:&quot;&quot;,&quot;sizes&quot;:[]},&quot;image_spacing_custom_tablet&quot;:{&quot;unit&quot;:&quot;px&quot;,&quot;size&quot;:&quot;&quot;,&quot;sizes&quot;:[]},&quot;image_spacing_custom_mobile&quot;:{&quot;unit&quot;:&quot;px&quot;,&quot;size&quot;:&quot;&quot;,&quot;sizes&quot;:[]}}\" data-widget_type=\"nested-carousel.default\">\n\t\t\t\t<div class=\"elementor-widget-container\">\n\t\t\t\t\t\t\t<div class=\"e-n-carousel swiper\" role=\"region\" aria-roledescription=\"carousel\" aria-label=\"Karussell\" dir=\"ltr\">\n\t\t\t<div class=\"swiper-wrapper\" aria-live=\"polite\">\n\t\t\t\t\t\t\t\t\t\t<div class=\"swiper-slide\" data-slide=\"1\" role=\"group\" aria-roledescription=\"slide\" aria-label=\"1 von 3\">\n\t\t\t\t\t\t\t<div class=\"elementor-element elementor-element-b46a470 e-flex e-con-boxed e-con e-child\" data-id=\"b46a470\" data-element_type=\"container\" data-settings=\"{&quot;background_background&quot;:&quot;classic&quot;}\">\n\t\t\t\t\t<div class=\"e-con-inner\">\n\t\t\t\t<div class=\"elementor-element elementor-element-34d3237 elementor-widget elementor-widget-video\" data-id=\"34d3237\" data-element_type=\"widget\" data-settings=\"{&quot;video_type&quot;:&quot;hosted&quot;,&quot;controls&quot;:&quot;yes&quot;}\" data-widget_type=\"video.default\">\n\t\t\t\t<div class=\"elementor-widget-container\">\n\t\t\t\t\t\t\t<div class=\"e-hosted-video elementor-wrapper elementor-open-inline\">\n\t\t\t\t\t<video class=\"elementor-video\" src=\"https:\/\/dr.katja-reimers.de\/WP\/wp-content\/uploads\/2025\/01\/Testimonial-Kind-s.mp4\" controls=\"\" preload=\"auto\" controlsList=\"nodownload\" poster=\"https:\/\/dr.katja-reimers.de\/WP\/wp-content\/uploads\/2025\/01\/poster-KZ-1.png\"><\/video>\n\t\t\t\t<\/div>\n\t\t\t\t\t\t<\/div>\n\t\t\t\t<\/div>\n\t\t\t\t\t<\/div>\n\t\t\t\t<\/div>\n\t\t\t\t\t\t\t\t<\/div>\n\t\t\t\t\t\t\t\t\t\t\t<div class=\"swiper-slide\" data-slide=\"2\" role=\"group\" aria-roledescription=\"slide\" aria-label=\"2 von 3\">\n\t\t\t\t\t\t\t<div class=\"elementor-element elementor-element-196a8e1 e-flex e-con-boxed e-con e-child\" data-id=\"196a8e1\" data-element_type=\"container\" data-settings=\"{&quot;background_background&quot;:&quot;classic&quot;}\">\n\t\t\t\t\t<div class=\"e-con-inner\">\n\t\t\t\t<div class=\"elementor-element elementor-element-267940d elementor-widget elementor-widget-video\" data-id=\"267940d\" data-element_type=\"widget\" data-settings=\"{&quot;video_type&quot;:&quot;hosted&quot;,&quot;controls&quot;:&quot;yes&quot;}\" data-widget_type=\"video.default\">\n\t\t\t\t<div class=\"elementor-widget-container\">\n\t\t\t\t\t\t\t<div class=\"e-hosted-video elementor-wrapper elementor-open-inline\">\n\t\t\t\t\t<video class=\"elementor-video\" src=\"https:\/\/dr.katja-reimers.de\/WP\/wp-content\/uploads\/2025\/01\/Testimonial-Kinder-ZA-fuers-Leben-s.mp4\" controls=\"\" preload=\"auto\" controlsList=\"nodownload\" poster=\"https:\/\/dr.katja-reimers.de\/WP\/wp-content\/uploads\/2025\/01\/poster-KZ-2.png\"><\/video>\n\t\t\t\t<\/div>\n\t\t\t\t\t\t<\/div>\n\t\t\t\t<\/div>\n\t\t\t\t\t<\/div>\n\t\t\t\t<\/div>\n\t\t\t\t\t\t\t\t<\/div>\n\t\t\t\t\t\t\t\t\t\t\t<div class=\"swiper-slide\" data-slide=\"3\" role=\"group\" aria-roledescription=\"slide\" aria-label=\"3 von 3\">\n\t\t\t\t\t\t\t<div class=\"elementor-element elementor-element-c37c851 e-flex e-con-boxed e-con e-child\" data-id=\"c37c851\" data-element_type=\"container\" data-settings=\"{&quot;background_background&quot;:&quot;classic&quot;}\">\n\t\t\t\t\t<div class=\"e-con-inner\">\n\t\t\t\t<div class=\"elementor-element elementor-element-2bb69c3 elementor-widget elementor-widget-video\" data-id=\"2bb69c3\" data-element_type=\"widget\" data-settings=\"{&quot;video_type&quot;:&quot;hosted&quot;,&quot;controls&quot;:&quot;yes&quot;}\" data-widget_type=\"video.default\">\n\t\t\t\t<div class=\"elementor-widget-container\">\n\t\t\t\t\t\t\t<div class=\"e-hosted-video elementor-wrapper elementor-open-inline\">\n\t\t\t\t\t<video class=\"elementor-video\" src=\"https:\/\/dr.katja-reimers.de\/WP\/wp-content\/uploads\/2025\/01\/Testimonial-kind-anfaerben-s.mp4\" controls=\"\" preload=\"auto\" controlsList=\"nodownload\" poster=\"https:\/\/dr.katja-reimers.de\/WP\/wp-content\/uploads\/2025\/01\/poster-KZ-3.png\"><\/video>\n\t\t\t\t<\/div>\n\t\t\t\t\t\t<\/div>\n\t\t\t\t<\/div>\n\t\t\t\t\t<\/div>\n\t\t\t\t<\/div>\n\t\t\t\t\t\t\t\t<\/div>\n\t\t\t\t\t\t\t\t<\/div>\n\t\t<\/div>\n\t\t\t\t\t<div class=\"swiper-pagination\"><\/div>\n\t\t\t\t\t\t<\/div>\n\t\t\t\t<\/div>\n\t\t\t\t\t<\/div>\n\t\t\t\t<\/div>\n\t\t\t\t<\/div>\n\t\t\t\t<\/div>\n\t\t","protected":false},"excerpt":{"rendered":"<p>Kinder&shy;zahnmedizin Kinderzahnmedizin Weil kleine Z\u00e4hne gro\u00dfe Bedeutung haben Wir wissen, dass der Besuch beim Zahnarzt oder der Zahn\u00e4rztin f\u00fcr Kinder eine neue und manchmal be\u00e4ngstigende Erfahrung sein kann. Deshalb haben wir es uns zur Aufgabe gemacht, eine einladende und kindgerechte Atmosph\u00e4re zu schaffen, in der sich unsere kleinen Patient:innen wohlf\u00fchlen und die Zahnarztpraxis als \u201eAbenteuer\u201c [&hellip;]<\/p>\n","protected":false},"author":1,"featured_media":0,"parent":1704,"menu_order":6,"comment_status":"closed","ping_status":"closed","template":"","meta":{"footnotes":""},"class_list":["post-2525","page","type-page","status-publish","hentry"],"_links":{"self":[{"href":"https:\/\/dr.katja-reimers.de\/WP\/wp-json\/wp\/v2\/pages\/2525","targetHints":{"allow":["GET"]}}],"collection":[{"href":"https:\/\/dr.katja-reimers.de\/WP\/wp-json\/wp\/v2\/pages"}],"about":[{"href":"https:\/\/dr.katja-reimers.de\/WP\/wp-json\/wp\/v2\/types\/page"}],"author":[{"embeddable":true,"href":"https:\/\/dr.katja-reimers.de\/WP\/wp-json\/wp\/v2\/users\/1"}],"replies":[{"embeddable":true,"href":"https:\/\/dr.katja-reimers.de\/WP\/wp-json\/wp\/v2\/comments?post=2525"}],"version-history":[{"count":43,"href":"https:\/\/dr.katja-reimers.de\/WP\/wp-json\/wp\/v2\/pages\/2525\/revisions"}],"predecessor-version":[{"id":3165,"href":"https:\/\/dr.katja-reimers.de\/WP\/wp-json\/wp\/v2\/pages\/2525\/revisions\/3165"}],"up":[{"embeddable":true,"href":"https:\/\/dr.katja-reimers.de\/WP\/wp-json\/wp\/v2\/pages\/1704"}],"wp:attachment":[{"href":"https:\/\/dr.katja-reimers.de\/WP\/wp-json\/wp\/v2\/media?parent=2525"}],"curies":[{"name":"wp","href":"https:\/\/api.w.org\/{rel}","templated":true}]}}