{"id":2527,"date":"2024-11-28T22:30:26","date_gmt":"2024-11-28T21:30:26","guid":{"rendered":"https:\/\/dr.katja-reimers.de\/WP\/?page_id=2527"},"modified":"2024-11-29T00:41:22","modified_gmt":"2024-11-28T23:41:22","slug":"umweltzahnmedizin","status":"publish","type":"page","link":"https:\/\/dr.katja-reimers.de\/WP\/leistungen\/umweltzahnmedizin\/","title":{"rendered":"Umweltzahnmedizin"},"content":{"rendered":"\t\t<div data-elementor-type=\"wp-page\" data-elementor-id=\"2527\" class=\"elementor elementor-2527\" data-elementor-post-type=\"page\">\n\t\t\t\t<div class=\"elementor-element elementor-element-41f7ffb2 e-con-full e-flex e-con e-parent\" data-id=\"41f7ffb2\" data-element_type=\"container\" data-settings=\"{&quot;background_background&quot;:&quot;classic&quot;}\">\n\t\t\t\t<\/div>\n\t\t<div class=\"elementor-element elementor-element-2b28637e animated-slow e-flex e-con-boxed elementor-invisible e-con e-parent\" data-id=\"2b28637e\" data-element_type=\"container\" id=\"Intraoralscanner\" data-settings=\"{&quot;background_background&quot;:&quot;classic&quot;,&quot;animation&quot;:&quot;fadeIn&quot;}\">\n\t\t\t\t\t<div class=\"e-con-inner\">\n\t\t<div class=\"elementor-element elementor-element-345f06ca e-con-full animated-slow e-flex elementor-invisible e-con e-child\" data-id=\"345f06ca\" data-element_type=\"container\" data-settings=\"{&quot;background_background&quot;:&quot;classic&quot;,&quot;motion_fx_motion_fx_scrolling&quot;:&quot;yes&quot;,&quot;motion_fx_translateY_effect&quot;:&quot;yes&quot;,&quot;motion_fx_translateY_speed&quot;:{&quot;unit&quot;:&quot;px&quot;,&quot;size&quot;:1,&quot;sizes&quot;:[]},&quot;animation&quot;:&quot;fadeIn&quot;,&quot;motion_fx_translateY_affectedRange&quot;:{&quot;unit&quot;:&quot;%&quot;,&quot;size&quot;:&quot;&quot;,&quot;sizes&quot;:{&quot;start&quot;:50,&quot;end&quot;:100}},&quot;motion_fx_range&quot;:&quot;viewport&quot;,&quot;motion_fx_translateY_direction&quot;:&quot;negative&quot;,&quot;motion_fx_devices&quot;:[&quot;desktop&quot;,&quot;tablet_extra&quot;,&quot;tablet&quot;,&quot;mobile&quot;]}\">\n\t\t<div class=\"elementor-element elementor-element-6b2ff882 e-con-full e-flex e-con e-child\" data-id=\"6b2ff882\" data-element_type=\"container\">\n\t\t<div class=\"elementor-element elementor-element-747ecec9 e-con-full e-flex e-con e-child\" data-id=\"747ecec9\" data-element_type=\"container\">\n\t\t\t\t<div class=\"elementor-element elementor-element-15f1b2de elementor-widget elementor-widget-heading\" data-id=\"15f1b2de\" data-element_type=\"widget\" data-widget_type=\"heading.default\">\n\t\t\t\t<div class=\"elementor-widget-container\">\n\t\t\t\t\t<h2 class=\"elementor-heading-title elementor-size-default\">Umweltzahnmedizin<\/h2>\t\t\t\t<\/div>\n\t\t\t\t<\/div>\n\t\t\t\t<div class=\"elementor-element elementor-element-6f4b9d67 elementor-widget elementor-widget-heading\" data-id=\"6f4b9d67\" data-element_type=\"widget\" data-widget_type=\"heading.default\">\n\t\t\t\t<div class=\"elementor-widget-container\">\n\t\t\t\t\t<h2 class=\"elementor-heading-title elementor-size-default\">Das Ganze sehen, um den Einzelnen richtig zu behandeln, denn an jedem Zahn h\u00e4ngt ein ganzer Mensch!\n<\/h2>\t\t\t\t<\/div>\n\t\t\t\t<\/div>\n\t\t\t\t<div class=\"elementor-element elementor-element-70dab038 elementor-widget elementor-widget-text-editor\" data-id=\"70dab038\" data-element_type=\"widget\" data-widget_type=\"text-editor.default\">\n\t\t\t\t<div class=\"elementor-widget-container\">\n\t\t\t\t\t\t\t\t\tAls moderne, ganzheitliche Zahnarztpraxis legen wir besonderen Wert auf Ihre Gesundheit und f\u00f6rdern diese durch individuell auf Sie abgestimmte,\nBehandlungen mit den ges\u00fcndest m\u00f6glichen Materialien.\n\t\t\t\t\t\t\t\t<\/div>\n\t\t\t\t<\/div>\n\t\t\t\t<\/div>\n\t\t<div class=\"elementor-element elementor-element-4ad628bc e-con-full e-flex e-con e-child\" data-id=\"4ad628bc\" data-element_type=\"container\">\n\t\t\t\t<div class=\"elementor-element elementor-element-2150b8a4 elementor-widget elementor-widget-image\" data-id=\"2150b8a4\" data-element_type=\"widget\" data-widget_type=\"image.default\">\n\t\t\t\t<div class=\"elementor-widget-container\">\n\t\t\t\t\t\t\t\t\t\t\t\t\t\t\t<img fetchpriority=\"high\" decoding=\"async\" width=\"800\" height=\"600\" src=\"https:\/\/dr.katja-reimers.de\/WP\/wp-content\/uploads\/2024\/11\/Zahnfunktion_V3-1024x768.jpg\" class=\"attachment-large size-large wp-image-1202\" alt=\"\" srcset=\"https:\/\/dr.katja-reimers.de\/WP\/wp-content\/uploads\/2024\/11\/Zahnfunktion_V3-1024x768.jpg 1024w, https:\/\/dr.katja-reimers.de\/WP\/wp-content\/uploads\/2024\/11\/Zahnfunktion_V3-300x225.jpg 300w, https:\/\/dr.katja-reimers.de\/WP\/wp-content\/uploads\/2024\/11\/Zahnfunktion_V3-768x576.jpg 768w, https:\/\/dr.katja-reimers.de\/WP\/wp-content\/uploads\/2024\/11\/Zahnfunktion_V3-1536x1152.jpg 1536w, https:\/\/dr.katja-reimers.de\/WP\/wp-content\/uploads\/2024\/11\/Zahnfunktion_V3.jpg 2048w\" sizes=\"(max-width: 800px) 100vw, 800px\" \/>\t\t\t\t\t\t\t\t\t\t\t\t\t\t\t<\/div>\n\t\t\t\t<\/div>\n\t\t\t\t<\/div>\n\t\t\t\t<\/div>\n\t\t<div class=\"elementor-element elementor-element-2b701ad e-con-full animated-slow e-flex elementor-invisible e-con e-child\" data-id=\"2b701ad\" data-element_type=\"container\" data-settings=\"{&quot;background_background&quot;:&quot;classic&quot;,&quot;animation&quot;:&quot;fadeIn&quot;}\">\n\t\t<div class=\"elementor-element elementor-element-b5d4729 e-con-full e-flex e-con e-child\" data-id=\"b5d4729\" data-element_type=\"container\">\n\t\t\t\t<div class=\"elementor-element elementor-element-f23810e elementor-widget elementor-widget-text-editor\" data-id=\"f23810e\" data-element_type=\"widget\" data-widget_type=\"text-editor.default\">\n\t\t\t\t<div class=\"elementor-widget-container\">\n\t\t\t\t\t\t\t\t\t<ul><li><strong>Keramik Zahnmedizin<\/strong><br \/>Statt Metall nutzen wir biokompatible Materialien wie Keramik. Das hat f\u00fcr Sie mehrere Vorteile: Das Material ist \u00e4sthetisch ansprechend, langlebig und<br \/>besonders vertr\u00e4glich f\u00fcr Ihren K\u00f6rper \u2013 Keramik hat kein Allergiepotential.<\/li><li><strong>Speichelanalyse<\/strong><br \/>In unserem Speichel schlummern viele wertvolle Informationen. Eine detaillierte Speichelanalyse steht deshalb oft am Anfang unseres ganzheitlichen Ansatzes. Diese Methode erm\u00f6glicht es uns, wichtige Hinweise auf Erkrankungen oder Ungleichgewichte im K\u00f6rper zu erkennen und gezielt behandeln.<\/li><li><strong>Blutanalyse<br \/><\/strong>Unser Blut verr\u00e4t die ganze Wahrheit. \u00dcber gezielte Blutuntersuchungen k\u00f6nnen Probleme aufgedeckt oder Behandlungserfolge kontrolliert werden.<\/li><\/ul>\t\t\t\t\t\t\t\t<\/div>\n\t\t\t\t<\/div>\n\t\t\t\t<\/div>\n\t\t<div class=\"elementor-element elementor-element-cd419f4 e-con-full e-flex e-con e-child\" data-id=\"cd419f4\" data-element_type=\"container\">\n\t\t\t\t<div class=\"elementor-element elementor-element-4f8998c elementor-widget elementor-widget-text-editor\" data-id=\"4f8998c\" data-element_type=\"widget\" data-widget_type=\"text-editor.default\">\n\t\t\t\t<div class=\"elementor-widget-container\">\n\t\t\t\t\t\t\t\t\t<ul><li><strong>Materialtestung in Zusammenarbeit mit Heilpraktikern und Kinesiologen<\/strong> <br \/>Um sicherzustellen, dass die verwendeten Materialien f\u00fcr Sie sicher und vertr\u00e4glich sind, arbeiten wir eng mit erfahrenen Heilpraktikern und Kinesiologen<br \/>zusammen. Gemeinsam testen wir verschiedene Materialien auf ihre<br \/>Vertr\u00e4glichkeit, um die bestm\u00f6gliche und individuell passende L\u00f6sung f\u00fcr Sie zu finden. Diese interdisziplin\u00e4re Zusammenarbeit erm\u00f6glicht es uns, eine ganzheitliche und gesunde Behandlung zu gew\u00e4hrleisten.<\/li><\/ul>\t\t\t\t\t\t\t\t<\/div>\n\t\t\t\t<\/div>\n\t\t\t\t<div class=\"elementor-element elementor-element-1d61b41 elementor-widget elementor-widget-text-editor\" data-id=\"1d61b41\" data-element_type=\"widget\" data-widget_type=\"text-editor.default\">\n\t\t\t\t<div class=\"elementor-widget-container\">\n\t\t\t\t\t\t\t\t\t<p><strong>Ein Beispiel<\/strong>: Metalle sind h\u00e4ufiger Bestandteil \u00e4lterer zahn\u00e4rztlicher Materialien. Studien belegen jedoch, dass sie allergisierend wirken und toxisch sein k\u00f6nnen. Sie<br \/>gelangen vom Speichel in den Magen-Darmtrakt und werden schlie\u00dflich von unserem Organismus aufgenommen und dort angesammelt. Eine Schwermetallbelastung f\u00fchrt zu vielen gesundheitlichen Problemen.<\/p>\t\t\t\t\t\t\t\t<\/div>\n\t\t\t\t<\/div>\n\t\t\t\t<\/div>\n\t\t\t\t<\/div>\n\t\t\t\t<\/div>\n\t\t\t\t\t<\/div>\n\t\t\t\t<\/div>\n\t\t\t\t<\/div>\n\t\t","protected":false},"excerpt":{"rendered":"<p>Umweltzahnmedizin Das Ganze sehen, um den Einzelnen richtig zu behandeln, denn an jedem Zahn h\u00e4ngt ein ganzer Mensch! Als moderne, ganzheitliche Zahnarztpraxis legen wir besonderen Wert auf Ihre Gesundheit und f\u00f6rdern diese durch individuell auf Sie abgestimmte, Behandlungen mit den ges\u00fcndest m\u00f6glichen Materialien. Keramik ZahnmedizinStatt Metall nutzen wir biokompatible Materialien wie Keramik. Das hat f\u00fcr [&hellip;]<\/p>\n","protected":false},"author":1,"featured_media":0,"parent":1704,"menu_order":7,"comment_status":"closed","ping_status":"closed","template":"","meta":{"footnotes":""},"class_list":["post-2527","page","type-page","status-publish","hentry"],"_links":{"self":[{"href":"https:\/\/dr.katja-reimers.de\/WP\/wp-json\/wp\/v2\/pages\/2527","targetHints":{"allow":["GET"]}}],"collection":[{"href":"https:\/\/dr.katja-reimers.de\/WP\/wp-json\/wp\/v2\/pages"}],"about":[{"href":"https:\/\/dr.katja-reimers.de\/WP\/wp-json\/wp\/v2\/types\/page"}],"author":[{"embeddable":true,"href":"https:\/\/dr.katja-reimers.de\/WP\/wp-json\/wp\/v2\/users\/1"}],"replies":[{"embeddable":true,"href":"https:\/\/dr.katja-reimers.de\/WP\/wp-json\/wp\/v2\/comments?post=2527"}],"version-history":[{"count":13,"href":"https:\/\/dr.katja-reimers.de\/WP\/wp-json\/wp\/v2\/pages\/2527\/revisions"}],"predecessor-version":[{"id":2869,"href":"https:\/\/dr.katja-reimers.de\/WP\/wp-json\/wp\/v2\/pages\/2527\/revisions\/2869"}],"up":[{"embeddable":true,"href":"https:\/\/dr.katja-reimers.de\/WP\/wp-json\/wp\/v2\/pages\/1704"}],"wp:attachment":[{"href":"https:\/\/dr.katja-reimers.de\/WP\/wp-json\/wp\/v2\/media?parent=2527"}],"curies":[{"name":"wp","href":"https:\/\/api.w.org\/{rel}","templated":true}]}}