{"id":2529,"date":"2024-11-28T22:40:11","date_gmt":"2024-11-28T21:40:11","guid":{"rendered":"https:\/\/dr.katja-reimers.de\/WP\/?page_id=2529"},"modified":"2025-01-25T13:50:27","modified_gmt":"2025-01-25T12:50:27","slug":"angstpatientinnen","status":"publish","type":"page","link":"https:\/\/dr.katja-reimers.de\/WP\/leistungen\/angstpatientinnen\/","title":{"rendered":"Angstpatient:innen"},"content":{"rendered":"\t\t<div data-elementor-type=\"wp-page\" data-elementor-id=\"2529\" class=\"elementor elementor-2529\" data-elementor-post-type=\"page\">\n\t\t\t\t<div class=\"elementor-element elementor-element-349afd1a e-con-full e-flex e-con e-parent\" data-id=\"349afd1a\" data-element_type=\"container\" data-settings=\"{&quot;background_background&quot;:&quot;classic&quot;}\">\n\t\t\t\t<div class=\"elementor-element elementor-element-26d4520d elementor-widget elementor-widget-heading\" data-id=\"26d4520d\" data-element_type=\"widget\" data-widget_type=\"heading.default\">\n\t\t\t\t<div class=\"elementor-widget-container\">\n\t\t\t\t\t<h1 class=\"elementor-heading-title elementor-size-default\">\nAngst&shy;patient:innen\n<\/h1>\t\t\t\t<\/div>\n\t\t\t\t<\/div>\n\t\t\t\t<\/div>\n\t\t<div class=\"elementor-element elementor-element-60054ece animated-slow e-flex e-con-boxed elementor-invisible e-con e-parent\" data-id=\"60054ece\" data-element_type=\"container\" id=\"Intraoralscanner\" data-settings=\"{&quot;background_background&quot;:&quot;classic&quot;,&quot;animation&quot;:&quot;fadeIn&quot;}\">\n\t\t\t\t\t<div class=\"e-con-inner\">\n\t\t<div class=\"elementor-element elementor-element-526f726 e-con-full animated-slow e-flex elementor-invisible e-con e-child\" data-id=\"526f726\" data-element_type=\"container\" data-settings=\"{&quot;background_background&quot;:&quot;classic&quot;,&quot;motion_fx_motion_fx_scrolling&quot;:&quot;yes&quot;,&quot;motion_fx_translateY_effect&quot;:&quot;yes&quot;,&quot;motion_fx_translateY_speed&quot;:{&quot;unit&quot;:&quot;px&quot;,&quot;size&quot;:1,&quot;sizes&quot;:[]},&quot;animation&quot;:&quot;fadeIn&quot;,&quot;motion_fx_translateY_affectedRange&quot;:{&quot;unit&quot;:&quot;%&quot;,&quot;size&quot;:&quot;&quot;,&quot;sizes&quot;:{&quot;start&quot;:50,&quot;end&quot;:100}},&quot;motion_fx_range&quot;:&quot;viewport&quot;,&quot;motion_fx_translateY_direction&quot;:&quot;negative&quot;,&quot;motion_fx_devices&quot;:[&quot;desktop&quot;,&quot;tablet_extra&quot;,&quot;tablet&quot;,&quot;mobile&quot;]}\">\n\t\t<div class=\"elementor-element elementor-element-78dd63a e-con-full e-flex e-con e-child\" data-id=\"78dd63a\" data-element_type=\"container\">\n\t\t<div class=\"elementor-element elementor-element-a4a54ba e-con-full e-flex e-con e-child\" data-id=\"a4a54ba\" data-element_type=\"container\">\n\t\t\t\t<div class=\"elementor-element elementor-element-52e9ccdb elementor-widget elementor-widget-image\" data-id=\"52e9ccdb\" data-element_type=\"widget\" data-widget_type=\"image.default\">\n\t\t\t\t<div class=\"elementor-widget-container\">\n\t\t\t\t\t\t\t\t\t\t\t\t\t\t\t<img fetchpriority=\"high\" decoding=\"async\" width=\"768\" height=\"1024\" src=\"https:\/\/dr.katja-reimers.de\/WP\/wp-content\/uploads\/2024\/11\/Angstpatienten-768x1024.jpg\" class=\"attachment-large size-large wp-image-1209\" alt=\"\" srcset=\"https:\/\/dr.katja-reimers.de\/WP\/wp-content\/uploads\/2024\/11\/Angstpatienten-768x1024.jpg 768w, https:\/\/dr.katja-reimers.de\/WP\/wp-content\/uploads\/2024\/11\/Angstpatienten-225x300.jpg 225w, https:\/\/dr.katja-reimers.de\/WP\/wp-content\/uploads\/2024\/11\/Angstpatienten-1152x1536.jpg 1152w, https:\/\/dr.katja-reimers.de\/WP\/wp-content\/uploads\/2024\/11\/Angstpatienten.jpg 1536w\" sizes=\"(max-width: 768px) 100vw, 768px\" \/>\t\t\t\t\t\t\t\t\t\t\t\t\t\t\t<\/div>\n\t\t\t\t<\/div>\n\t\t\t\t<\/div>\n\t\t<div class=\"elementor-element elementor-element-65cdebd8 e-con-full e-flex e-con e-child\" data-id=\"65cdebd8\" data-element_type=\"container\">\n\t\t\t\t<div class=\"elementor-element elementor-element-a6ec9b6 elementor-widget elementor-widget-heading\" data-id=\"a6ec9b6\" data-element_type=\"widget\" data-widget_type=\"heading.default\">\n\t\t\t\t<div class=\"elementor-widget-container\">\n\t\t\t\t\t<h2 class=\"elementor-heading-title elementor-size-default\">Angstpatient:innen<\/h2>\t\t\t\t<\/div>\n\t\t\t\t<\/div>\n\t\t\t\t<div class=\"elementor-element elementor-element-26cebc2 elementor-widget elementor-widget-heading\" data-id=\"26cebc2\" data-element_type=\"widget\" data-widget_type=\"heading.default\">\n\t\t\t\t<div class=\"elementor-widget-container\">\n\t\t\t\t\t<h2 class=\"elementor-heading-title elementor-size-default\">Wenn die Angst am Zahn nagt\n<\/h2>\t\t\t\t<\/div>\n\t\t\t\t<\/div>\n\t\t\t\t<div class=\"elementor-element elementor-element-333152f elementor-widget elementor-widget-text-editor\" data-id=\"333152f\" data-element_type=\"widget\" data-widget_type=\"text-editor.default\">\n\t\t\t\t<div class=\"elementor-widget-container\">\n\t\t\t\t\t\t\t\t\t<p>F\u00fcr die meisten Menschen z\u00e4hlt der Besuch beim Zahnarzt oder der Zahn\u00e4rztin nicht zu den Highlights der Freizeitbesch\u00e4ftigung \u2013 doch f\u00fcr manche ist er sogar ein gro\u00dfes Problem, sie leiden unter der sogenannten &#8222;Dentalphobie&#8220;, einer tiefsitzenden Angst vor dem Zahnarzt. Das Fatale daran: Wird der regelm\u00e4\u00dfige Zahnarztbesuch vermieden, entwickeln sich aus kleinen Zahndefekten schnell gr\u00f6\u00dfere Sch\u00e4den. Schlie\u00dflich kommt dann noch die Scham hinzu, seine Z\u00e4hne zu zeigen.<\/p>\t\t\t\t\t\t\t\t<\/div>\n\t\t\t\t<\/div>\n\t\t\t\t<\/div>\n\t\t\t\t<\/div>\n\t\t<div class=\"elementor-element elementor-element-d6c511a e-con-full e-flex e-con e-child\" data-id=\"d6c511a\" data-element_type=\"container\">\n\t\t<div class=\"elementor-element elementor-element-10f3307 e-con-full e-flex e-con e-child\" data-id=\"10f3307\" data-element_type=\"container\">\n\t\t\t\t<div class=\"elementor-element elementor-element-c83edef elementor-widget elementor-widget-text-editor\" data-id=\"c83edef\" data-element_type=\"widget\" data-widget_type=\"text-editor.default\">\n\t\t\t\t<div class=\"elementor-widget-container\">\n\t\t\t\t\t\t\t\t\t<p>Wir nehmen diese \u00c4ngste sehr ernst und unterst\u00fctzen unsere Patient:innen behutsam dabei, diesen Teufelskreis zu durchbrechen. Bei Ihrem ersten Besuch ermitteln wir lediglich den aktuellen Zustand und besprechen in entspannter<br \/>Atmosph\u00e4re das weitere Vorgehen. Erst, wenn Sie so weit sind und genug Vertrauen gefasst haben, beginnen wir mit der Behandlung \u2013 niemals findet diese Behandlung jedoch gleich bei der ersten Begegnung statt und niemals geschieht etwas gegen Ihren Willen.<\/p>\t\t\t\t\t\t\t\t<\/div>\n\t\t\t\t<\/div>\n\t\t\t\t<\/div>\n\t\t<div class=\"elementor-element elementor-element-76277d9 e-con-full e-flex e-con e-child\" data-id=\"76277d9\" data-element_type=\"container\">\n\t\t\t\t<div class=\"elementor-element elementor-element-0339366 elementor-widget elementor-widget-text-editor\" data-id=\"0339366\" data-element_type=\"widget\" data-widget_type=\"text-editor.default\">\n\t\t\t\t<div class=\"elementor-widget-container\">\n\t\t\t\t\t\t\t\t\t<p><strong>Immer an Ihrer Seite \u2013 u.a. die Knackenten Erika und Erwin<\/strong><\/p><p>Weil Patient:innen das Sprechen w\u00e4hrend einer Zahnbehandlung oft schwerf\u00e4llt, geben wir Angstpatient:innen unsere Knackenten Erwin und Erika in die Hand. Auf Ihr Signal hin, stoppen wir sofort mit der Behandlung und besprechen in aller Ruhe, wie wir Ihnen helfen k\u00f6nnen.<\/p>\t\t\t\t\t\t\t\t<\/div>\n\t\t\t\t<\/div>\n\t\t\t\t<\/div>\n\t\t\t\t<\/div>\n\t\t\t\t<\/div>\n\t\t\t\t\t<\/div>\n\t\t\t\t<\/div>\n\t\t<div class=\"elementor-element elementor-element-260b65c e-flex e-con-boxed e-con e-parent\" data-id=\"260b65c\" data-element_type=\"container\">\n\t\t\t\t\t<div class=\"e-con-inner\">\n\t\t\t\t\t<\/div>\n\t\t\t\t<\/div>\n\t\t<div class=\"elementor-element elementor-element-4d7341b e-con-full animated-slow e-flex elementor-invisible e-con e-parent\" data-id=\"4d7341b\" data-element_type=\"container\" data-settings=\"{&quot;background_background&quot;:&quot;classic&quot;,&quot;animation&quot;:&quot;fadeIn&quot;}\">\n\t\t\t\t<div class=\"elementor-element elementor-element-122766e elementor-widget elementor-widget-heading\" data-id=\"122766e\" data-element_type=\"widget\" data-widget_type=\"heading.default\">\n\t\t\t\t<div class=\"elementor-widget-container\">\n\t\t\t\t\t<h2 class=\"elementor-heading-title elementor-size-default\">Was unsere Patienten sagen<\/h2>\t\t\t\t<\/div>\n\t\t\t\t<\/div>\n\t\t<div class=\"elementor-element elementor-element-dfff73f animated-slow e-flex e-con-boxed elementor-invisible e-con e-child\" data-id=\"dfff73f\" data-element_type=\"container\" data-settings=\"{&quot;background_background&quot;:&quot;classic&quot;,&quot;motion_fx_motion_fx_scrolling&quot;:&quot;yes&quot;,&quot;motion_fx_translateY_effect&quot;:&quot;yes&quot;,&quot;motion_fx_translateY_speed&quot;:{&quot;unit&quot;:&quot;px&quot;,&quot;size&quot;:1,&quot;sizes&quot;:[]},&quot;motion_fx_translateY_affectedRange&quot;:{&quot;unit&quot;:&quot;%&quot;,&quot;size&quot;:&quot;&quot;,&quot;sizes&quot;:{&quot;start&quot;:20,&quot;end&quot;:50}},&quot;motion_fx_range&quot;:&quot;viewport&quot;,&quot;animation&quot;:&quot;fadeIn&quot;,&quot;motion_fx_devices&quot;:[&quot;desktop&quot;,&quot;tablet_extra&quot;,&quot;tablet&quot;,&quot;mobile&quot;]}\">\n\t\t\t\t\t<div class=\"e-con-inner\">\n\t\t\t\t<div class=\"elementor-element elementor-element-5b04d33 elementor-pagination-type-bullets elementor-pagination-position-outside elementor-widget elementor-widget-n-carousel\" data-id=\"5b04d33\" data-element_type=\"widget\" data-settings=\"{&quot;carousel_items&quot;:[{&quot;slide_title&quot;:&quot;Slide #1&quot;,&quot;_id&quot;:&quot;07c0e82&quot;},{&quot;slide_title&quot;:&quot;Slide #2&quot;,&quot;_id&quot;:&quot;f86d596&quot;},{&quot;slide_title&quot;:&quot;Slide #3&quot;,&quot;_id&quot;:&quot;249e691&quot;}],&quot;slides_to_show&quot;:&quot;3&quot;,&quot;image_spacing_custom&quot;:{&quot;unit&quot;:&quot;px&quot;,&quot;size&quot;:12,&quot;sizes&quot;:[]},&quot;slides_to_show_tablet&quot;:&quot;3&quot;,&quot;slides_to_show_mobile&quot;:&quot;1&quot;,&quot;infinite&quot;:&quot;yes&quot;,&quot;speed&quot;:500,&quot;offset_sides&quot;:&quot;none&quot;,&quot;pagination&quot;:&quot;bullets&quot;,&quot;image_spacing_custom_tablet_extra&quot;:{&quot;unit&quot;:&quot;px&quot;,&quot;size&quot;:&quot;&quot;,&quot;sizes&quot;:[]},&quot;image_spacing_custom_tablet&quot;:{&quot;unit&quot;:&quot;px&quot;,&quot;size&quot;:&quot;&quot;,&quot;sizes&quot;:[]},&quot;image_spacing_custom_mobile&quot;:{&quot;unit&quot;:&quot;px&quot;,&quot;size&quot;:&quot;&quot;,&quot;sizes&quot;:[]}}\" data-widget_type=\"nested-carousel.default\">\n\t\t\t\t<div class=\"elementor-widget-container\">\n\t\t\t\t\t\t\t<div class=\"e-n-carousel swiper\" role=\"region\" aria-roledescription=\"carousel\" aria-label=\"Karussell\" dir=\"ltr\">\n\t\t\t<div class=\"swiper-wrapper\" aria-live=\"polite\">\n\t\t\t\t\t\t\t\t\t\t<div class=\"swiper-slide\" data-slide=\"1\" role=\"group\" aria-roledescription=\"slide\" aria-label=\"1 von 3\">\n\t\t\t\t\t\t\t<div class=\"elementor-element elementor-element-88785f2 e-flex e-con-boxed e-con e-child\" data-id=\"88785f2\" data-element_type=\"container\" data-settings=\"{&quot;background_background&quot;:&quot;classic&quot;}\">\n\t\t\t\t\t<div class=\"e-con-inner\">\n\t\t\t\t<div class=\"elementor-element elementor-element-85b3bde elementor-widget elementor-widget-video\" data-id=\"85b3bde\" data-element_type=\"widget\" data-settings=\"{&quot;video_type&quot;:&quot;hosted&quot;,&quot;controls&quot;:&quot;yes&quot;}\" data-widget_type=\"video.default\">\n\t\t\t\t<div class=\"elementor-widget-container\">\n\t\t\t\t\t\t\t<div class=\"e-hosted-video elementor-wrapper elementor-open-inline\">\n\t\t\t\t\t<video class=\"elementor-video\" src=\"https:\/\/dr.katja-reimers.de\/WP\/wp-content\/uploads\/2025\/01\/Testimonial-schmerzfrei-toll-s.mp4\" controls=\"\" preload=\"auto\" controlsList=\"nodownload\" poster=\"https:\/\/dr.katja-reimers.de\/WP\/wp-content\/uploads\/2025\/01\/poster-AP-1.png\"><\/video>\n\t\t\t\t<\/div>\n\t\t\t\t\t\t<\/div>\n\t\t\t\t<\/div>\n\t\t\t\t\t<\/div>\n\t\t\t\t<\/div>\n\t\t\t\t\t\t\t\t<\/div>\n\t\t\t\t\t\t\t\t\t\t\t<div class=\"swiper-slide\" data-slide=\"2\" role=\"group\" aria-roledescription=\"slide\" aria-label=\"2 von 3\">\n\t\t\t\t\t\t\t<div class=\"elementor-element elementor-element-60205ec e-flex e-con-boxed e-con e-child\" data-id=\"60205ec\" data-element_type=\"container\" data-settings=\"{&quot;background_background&quot;:&quot;classic&quot;}\">\n\t\t\t\t\t<div class=\"e-con-inner\">\n\t\t\t\t<div class=\"elementor-element elementor-element-eb97c4c elementor-widget elementor-widget-video\" data-id=\"eb97c4c\" data-element_type=\"widget\" data-settings=\"{&quot;video_type&quot;:&quot;hosted&quot;,&quot;controls&quot;:&quot;yes&quot;}\" data-widget_type=\"video.default\">\n\t\t\t\t<div class=\"elementor-widget-container\">\n\t\t\t\t\t\t\t<div class=\"e-hosted-video elementor-wrapper elementor-open-inline\">\n\t\t\t\t\t<video class=\"elementor-video\" src=\"https:\/\/dr.katja-reimers.de\/WP\/wp-content\/uploads\/2025\/01\/Testimonial-angst-mega-chillig-s.mp4\" controls=\"\" preload=\"auto\" controlsList=\"nodownload\" poster=\"https:\/\/dr.katja-reimers.de\/WP\/wp-content\/uploads\/2025\/01\/poster-AP-2.png\"><\/video>\n\t\t\t\t<\/div>\n\t\t\t\t\t\t<\/div>\n\t\t\t\t<\/div>\n\t\t\t\t\t<\/div>\n\t\t\t\t<\/div>\n\t\t\t\t\t\t\t\t<\/div>\n\t\t\t\t\t\t\t\t\t\t\t<div class=\"swiper-slide\" data-slide=\"3\" role=\"group\" aria-roledescription=\"slide\" aria-label=\"3 von 3\">\n\t\t\t\t\t\t\t<div class=\"elementor-element elementor-element-0578c50 e-flex e-con-boxed e-con e-child\" data-id=\"0578c50\" data-element_type=\"container\" data-settings=\"{&quot;background_background&quot;:&quot;classic&quot;}\">\n\t\t\t\t\t<div class=\"e-con-inner\">\n\t\t\t\t<div class=\"elementor-element elementor-element-a0ba75c elementor-widget elementor-widget-video\" data-id=\"a0ba75c\" data-element_type=\"widget\" data-settings=\"{&quot;video_type&quot;:&quot;hosted&quot;,&quot;controls&quot;:&quot;yes&quot;}\" data-widget_type=\"video.default\">\n\t\t\t\t<div class=\"elementor-widget-container\">\n\t\t\t\t\t\t\t<div class=\"e-hosted-video elementor-wrapper elementor-open-inline\">\n\t\t\t\t\t<video class=\"elementor-video\" src=\"https:\/\/dr.katja-reimers.de\/WP\/wp-content\/uploads\/2025\/01\/Testimonial-Angstpat-s.mp4\" controls=\"\" preload=\"auto\" controlsList=\"nodownload\" poster=\"https:\/\/dr.katja-reimers.de\/WP\/wp-content\/uploads\/2025\/01\/poster-AP-3.png\"><\/video>\n\t\t\t\t<\/div>\n\t\t\t\t\t\t<\/div>\n\t\t\t\t<\/div>\n\t\t\t\t\t<\/div>\n\t\t\t\t<\/div>\n\t\t\t\t\t\t\t\t<\/div>\n\t\t\t\t\t\t\t\t<\/div>\n\t\t<\/div>\n\t\t\t\t\t<div class=\"swiper-pagination\"><\/div>\n\t\t\t\t\t\t<\/div>\n\t\t\t\t<\/div>\n\t\t\t\t\t<\/div>\n\t\t\t\t<\/div>\n\t\t\t\t<\/div>\n\t\t\t\t<\/div>\n\t\t","protected":false},"excerpt":{"rendered":"<p>Angst&shy;patient:innen Angstpatient:innen Wenn die Angst am Zahn nagt F\u00fcr die meisten Menschen z\u00e4hlt der Besuch beim Zahnarzt oder der Zahn\u00e4rztin nicht zu den Highlights der Freizeitbesch\u00e4ftigung \u2013 doch f\u00fcr manche ist er sogar ein gro\u00dfes Problem, sie leiden unter der sogenannten &#8222;Dentalphobie&#8220;, einer tiefsitzenden Angst vor dem Zahnarzt. Das Fatale daran: Wird der regelm\u00e4\u00dfige Zahnarztbesuch [&hellip;]<\/p>\n","protected":false},"author":1,"featured_media":0,"parent":1704,"menu_order":8,"comment_status":"closed","ping_status":"closed","template":"","meta":{"footnotes":""},"class_list":["post-2529","page","type-page","status-publish","hentry"],"_links":{"self":[{"href":"https:\/\/dr.katja-reimers.de\/WP\/wp-json\/wp\/v2\/pages\/2529","targetHints":{"allow":["GET"]}}],"collection":[{"href":"https:\/\/dr.katja-reimers.de\/WP\/wp-json\/wp\/v2\/pages"}],"about":[{"href":"https:\/\/dr.katja-reimers.de\/WP\/wp-json\/wp\/v2\/types\/page"}],"author":[{"embeddable":true,"href":"https:\/\/dr.katja-reimers.de\/WP\/wp-json\/wp\/v2\/users\/1"}],"replies":[{"embeddable":true,"href":"https:\/\/dr.katja-reimers.de\/WP\/wp-json\/wp\/v2\/comments?post=2529"}],"version-history":[{"count":28,"href":"https:\/\/dr.katja-reimers.de\/WP\/wp-json\/wp\/v2\/pages\/2529\/revisions"}],"predecessor-version":[{"id":3175,"href":"https:\/\/dr.katja-reimers.de\/WP\/wp-json\/wp\/v2\/pages\/2529\/revisions\/3175"}],"up":[{"embeddable":true,"href":"https:\/\/dr.katja-reimers.de\/WP\/wp-json\/wp\/v2\/pages\/1704"}],"wp:attachment":[{"href":"https:\/\/dr.katja-reimers.de\/WP\/wp-json\/wp\/v2\/media?parent=2529"}],"curies":[{"name":"wp","href":"https:\/\/api.w.org\/{rel}","templated":true}]}}