{"id":2819,"date":"2024-11-28T23:38:24","date_gmt":"2024-11-28T22:38:24","guid":{"rendered":"https:\/\/dr.katja-reimers.de\/WP\/?page_id=2819"},"modified":"2025-04-15T11:14:23","modified_gmt":"2025-04-15T09:14:23","slug":"impressum","status":"publish","type":"page","link":"https:\/\/dr.katja-reimers.de\/WP\/impressum\/","title":{"rendered":"Impressum"},"content":{"rendered":"\n<p><strong>Angaben gem\u00e4\u00df \u00a75 DDG:<\/strong><br><\/p>\n\n\n\n<p><strong>Dr. med. dent. Katja Reimers<\/strong><br>R\u00fcbenhofstra\u00dfe 42<br>\u202822335 Hamburg<br>Tel: 040 \/ 59 82 82\u2028<br>Fax: 040 \/ 59 82 62<br>E-Mail: praxis@dr.katja-reimers.de<br>\u2028Internet: www.dr.katja-reimers.de<\/p>\n\n\n\n<p><strong>Gesetzliche Berufsbezeichnung:\u2028<\/strong><br>Zahn\u00e4rztin, verliehen in der Bundesrepublik Deutschland<br><br><strong>Verantwortlich f\u00fcr den Inhalt:\u2028<\/strong><br>Dr. Katja Reimers<br><br><strong>Zust\u00e4ndige Kammer:\u2028<\/strong><br>Zahn\u00e4rztekammer Hamburg\u2028<br>Weidestra\u00dfe 122a\u2028<br>22083 Hamburg\u2028<br>Tel 040 \/ 7334050\u2028<br>Fax: 040 \/ 7325828\u2028<br>E-Mail: info@zaek-hh.de\u2028<br>https:\/\/www.zahnaerzte-hh.de\/<br><\/p>\n\n\n\n<p><strong>Aufsichtsbeh\u00f6rde:\u2028<\/strong><br>Kassenzahn\u00e4rztliche Vereinigung Hamburg\u2028<br>Weidestra\u00dfe 122a<br>\u202822083 Hamburg\u2028<br>Webseite: https:\/\/www.kzv.de\/<\/p>\n\n\n\n<p><strong>Berufsrechtliche Regelungen sind einzusehen unter:\u2028<\/strong><br>Zahnheilkundegesetz (ZHG): http:\/\/www.kzbv.de\/gesetze-und-verordnungen.74.de.html\u2028Geb\u00fchrenordnung der Zahn\u00e4rzte (GOZ): https:\/\/www.bzaek.de\/fuer-zahnaerzte\/gebuehrenordnung-fuer-zahnaerzte-goz.html\u2028Heilberufsgesetz Hamburg: http:\/\/www.kammerrecht.de\/kammergesetze\/berufskammern.html\u2028Berufsordnung der Zahn\u00e4rztekammer Hamburg: https:\/\/www.zahnaerzte-hh.de\/\u2028Weiterbildungsordnung der Zahn\u00e4rztekammer Hamburg: https:\/\/www.zahnaerzte-hh.de\/zahnarzt-team\/fortbildung.html<\/p>\n\n\n\n<p><strong>Haftungsbeschr\u00e4nkung<\/strong>\u2028<br>Die Inhalte dieser Webseite mit gr\u00f6\u00dftm\u00f6glicher Sorgfalt erstellt. Der Anbieter \u00fcbernimmt jedoch keine Gew\u00e4hr f\u00fcr die Richtigkeit, Vollst\u00e4ndigkeit und Aktualit\u00e4t der bereit gestellten Inhalte. Die Nutzung der Inhalte der Webseite erfolgt auf eigene Gefahr der Nutzers. Namentlich gekennzeichnete Beitr\u00e4ge geben die Meinung des jeweiligen Autors und nicht immer die Meinung des Anbieters wider. Mit der reinen Nutzung der Webseite des Anbieters kommt keinerlei Vertragsverh\u00e4ltnis zwischen dem Nutzer und dem Anbieter zustande.<\/p>\n\n\n\n<p><strong>Externe Links\u2028<\/strong><br>Diese Webseite enth\u00e4lt Verkn\u00fcpfung zu Webseiten Dritter (\u201eexterne Links\u201c). Diese Webseiten unterliegen der Haftung der jeweiligen Betreiber. Der Anbieter hat bei der erstmaligen Verkn\u00fcpfung der externen Links die fremden Inhalte daraufhin \u00fcberpr\u00fcft, ob etwaige Rechtsverst\u00f6\u00dfe bestehen. Zu diesem Zeitpunkt waren keine Rechtsverst\u00f6\u00dfe ersichtlich. Der Anbieter hat keinen Einfluss auf die aktuelle und zuk\u00fcnftige Gestaltung und auf die Inhalte der verkn\u00fcpften Seiten. Das Setzen von externen Links bedeutet nicht, dass sich der Anbieter die hinter dem Verweis oder dem Link liegenden liegenden Inhalte zu Eigen macht.<br><br>Eine st\u00e4ndige Kontrolle der externen Links ist f\u00fcr den Anbieter ohne konkrete Hinweise auf Rechtsverst\u00f6\u00dfe nicht zumutbar. Bei Kenntnis von Rechtsverst\u00f6\u00dfen werden jedoch derartige externe Links unverz\u00fcglich gel\u00f6scht. Der Anbieter der Webseite distanziert sich hiermit ausdr\u00fccklich von allen gelinkten Seiten und macht sich diese Inhalte nicht zu Eigen.<\/p>\n\n\n\n<p><strong>Urheber- und Leistungsschutzrechte\u2028<\/strong><br>Die auf dieser Webseite ver\u00f6ffentlichten Inhalte unterliegen dem deutschen Urheber- und Leistungsschutzrecht. Jede vom deutschen Urheber und Leistungsschutzrecht nicht zugelassene Nutzung und Verwertung bedarf der vorherigen schriftlichen Zustimmung des Anbieters oder des jeweiligen Rechteinhabers. Dies gilt insbesondere f\u00fcr Vervielf\u00e4ltigung, Bearbeitung, \u00dcbersetzung, Einspreicherung, Verarbeitung bzw. Wiedergabe von Inhalten in Datenbanken oder anderen elektronischen Medien und Systemen.<\/p>\n\n\n\n<p>Inhalte und Rechte Dritter sind als solche gekennzeichnet. Die unerlaubte Vervielf\u00e4ltigung oder Wiedergabe \/ Weitergabe einzelner Inhalte oder kompletter Seiten ist nicht gestattet und strafbar. Lediglich die Herstellung von Kopien und Downloads f\u00fcr den pers\u00f6nlichen, privaten und nicht kommerziellen Gebrauch ist erlaubt. Die Darstellung dieser Webseite in fremden Frames ist nur mit schriftlicher Erlaubnis zul\u00e4ssig.<\/p>\n","protected":false},"excerpt":{"rendered":"<p>Angaben gem\u00e4\u00df \u00a75 DDG: Dr. med. dent. Katja ReimersR\u00fcbenhofstra\u00dfe 42\u202822335 HamburgTel: 040 \/ 59 82 82\u2028Fax: 040 \/ 59 82 62E-Mail: praxis@dr.katja-reimers.de\u2028Internet: www.dr.katja-reimers.de Gesetzliche Berufsbezeichnung:\u2028Zahn\u00e4rztin, verliehen in der Bundesrepublik Deutschland Verantwortlich f\u00fcr den Inhalt:\u2028Dr. Katja Reimers Zust\u00e4ndige Kammer:\u2028Zahn\u00e4rztekammer Hamburg\u2028Weidestra\u00dfe 122a\u202822083 Hamburg\u2028Tel 040 \/ 7334050\u2028Fax: 040 \/ 7325828\u2028E-Mail: info@zaek-hh.de\u2028https:\/\/www.zahnaerzte-hh.de\/ Aufsichtsbeh\u00f6rde:\u2028Kassenzahn\u00e4rztliche Vereinigung Hamburg\u2028Weidestra\u00dfe 122a\u202822083 Hamburg\u2028Webseite: https:\/\/www.kzv.de\/ Berufsrechtliche [&hellip;]<\/p>\n","protected":false},"author":1,"featured_media":0,"parent":0,"menu_order":0,"comment_status":"closed","ping_status":"open","template":"","meta":{"footnotes":""},"class_list":["post-2819","page","type-page","status-publish","hentry"],"_links":{"self":[{"href":"https:\/\/dr.katja-reimers.de\/WP\/wp-json\/wp\/v2\/pages\/2819","targetHints":{"allow":["GET"]}}],"collection":[{"href":"https:\/\/dr.katja-reimers.de\/WP\/wp-json\/wp\/v2\/pages"}],"about":[{"href":"https:\/\/dr.katja-reimers.de\/WP\/wp-json\/wp\/v2\/types\/page"}],"author":[{"embeddable":true,"href":"https:\/\/dr.katja-reimers.de\/WP\/wp-json\/wp\/v2\/users\/1"}],"replies":[{"embeddable":true,"href":"https:\/\/dr.katja-reimers.de\/WP\/wp-json\/wp\/v2\/comments?post=2819"}],"version-history":[{"count":4,"href":"https:\/\/dr.katja-reimers.de\/WP\/wp-json\/wp\/v2\/pages\/2819\/revisions"}],"predecessor-version":[{"id":3350,"href":"https:\/\/dr.katja-reimers.de\/WP\/wp-json\/wp\/v2\/pages\/2819\/revisions\/3350"}],"wp:attachment":[{"href":"https:\/\/dr.katja-reimers.de\/WP\/wp-json\/wp\/v2\/media?parent=2819"}],"curies":[{"name":"wp","href":"https:\/\/api.w.org\/{rel}","templated":true}]}}